{"id":6170,"date":"2020-06-16T04:14:05","date_gmt":"2020-06-15T20:14:05","guid":{"rendered":"https:\/\/wehop-tech.com\/machines-darcade-a-vendre\/"},"modified":"2020-06-16T04:14:05","modified_gmt":"2020-06-15T20:14:05","slug":"machines-darcade-a-vendre","status":"publish","type":"page","link":"https:\/\/wehop-tech.com\/fr\/machines-darcade-a-vendre\/","title":{"rendered":"machines d&rsquo;arcade \u00e0 vendre"},"content":{"rendered":"","protected":false},"excerpt":{"rendered":"","protected":false},"author":5,"featured_media":6117,"parent":0,"menu_order":0,"comment_status":"closed","ping_status":"closed","template":"","meta":{"_eb_attr":"","inline_featured_image":false,"footnotes":""},"class_list":["post-6170","page","type-page","status-publish","has-post-thumbnail","hentry"],"yoast_head":"<!-- This site is optimized with the Yoast SEO Premium plugin v25.7.1 (Yoast SEO v27.1.1) - https:\/\/yoast.com\/product\/yoast-seo-premium-wordpress\/ -->\n<title>Machines d&#039;arcade \u00e0 vendre | Fournisseur de jeux d&#039;arcade virtuels<\/title>\n<meta name=\"description\" content=\"D\u00e9couvrez la collection de machines d&#039;arcade de haute qualit\u00e9 \u00e0 vendre chez Wehop Technology \u2014 comprenant des syst\u00e8mes d&#039;arcade virtuels, des simulateurs de course et des jeux VR dynamiques. Nous proposons des services OEM &amp; ODM avec une livraison rapide et une exp\u00e9dition mondiale.\" \/>\n<meta name=\"robots\" content=\"index, follow, max-snippet:-1, max-image-preview:large, max-video-preview:-1\" \/>\n<link rel=\"canonical\" href=\"https:\/\/wehop-tech.com\/fr\/machines-darcade-a-vendre\/\" \/>\n<meta property=\"og:locale\" content=\"fr_FR\" \/>\n<meta property=\"og:type\" content=\"article\" \/>\n<meta property=\"og:title\" content=\"machines d&#039;arcade \u00e0 vendre\" \/>\n<meta property=\"og:description\" content=\"D\u00e9couvrez la collection de machines d&#039;arcade de haute qualit\u00e9 \u00e0 vendre chez Wehop Technology \u2014 comprenant des syst\u00e8mes d&#039;arcade virtuels, des simulateurs de course et des jeux VR dynamiques. Nous proposons des services OEM &amp; ODM avec une livraison rapide et une exp\u00e9dition mondiale.\" \/>\n<meta property=\"og:url\" content=\"https:\/\/wehop-tech.com\/fr\/machines-darcade-a-vendre\/\" \/>\n<meta property=\"og:site_name\" content=\"Wehop Technology\" \/>\n<meta property=\"article:publisher\" content=\"https:\/\/www.facebook.com\/empowervrpark\/\" \/>\n<meta property=\"og:image\" content=\"https:\/\/wehop-tech.com\/wp-content\/uploads\/2019\/03\/512eb97a9f6965018e2f72c79d40b98.jpg\" \/>\n\t<meta property=\"og:image:width\" content=\"1080\" \/>\n\t<meta property=\"og:image:height\" content=\"1279\" \/>\n\t<meta property=\"og:image:type\" content=\"image\/jpeg\" \/>\n<meta name=\"twitter:card\" content=\"summary_large_image\" \/>\n<script type=\"application\/ld+json\" class=\"yoast-schema-graph\">{\"@context\":\"https:\/\/schema.org\",\"@graph\":[{\"@type\":\"WebPage\",\"@id\":\"https:\/\/wehop-tech.com\/fr\/machines-darcade-a-vendre\/\",\"url\":\"https:\/\/wehop-tech.com\/fr\/machines-darcade-a-vendre\/\",\"name\":\"Machines d'arcade \u00e0 vendre | Fournisseur de jeux d'arcade virtuels\",\"isPartOf\":{\"@id\":\"https:\/\/wehop-tech.com\/fr\/#website\"},\"primaryImageOfPage\":{\"@id\":\"https:\/\/wehop-tech.com\/fr\/machines-darcade-a-vendre\/#primaryimage\"},\"image\":{\"@id\":\"https:\/\/wehop-tech.com\/fr\/machines-darcade-a-vendre\/#primaryimage\"},\"thumbnailUrl\":\"https:\/\/wehop-tech.com\/wp-content\/uploads\/2019\/03\/512eb97a9f6965018e2f72c79d40b98.jpg\",\"datePublished\":\"2020-06-15T20:14:05+00:00\",\"description\":\"D\u00e9couvrez la collection de machines d'arcade de haute qualit\u00e9 \u00e0 vendre chez Wehop Technology \u2014 comprenant des syst\u00e8mes d'arcade virtuels, des simulateurs de course et des jeux VR dynamiques. Nous proposons des services OEM & ODM avec une livraison rapide et une exp\u00e9dition mondiale.\",\"breadcrumb\":{\"@id\":\"https:\/\/wehop-tech.com\/fr\/machines-darcade-a-vendre\/#breadcrumb\"},\"inLanguage\":\"fr-FR\",\"potentialAction\":[{\"@type\":\"ReadAction\",\"target\":[\"https:\/\/wehop-tech.com\/fr\/machines-darcade-a-vendre\/\"]}]},{\"@type\":\"ImageObject\",\"inLanguage\":\"fr-FR\",\"@id\":\"https:\/\/wehop-tech.com\/fr\/machines-darcade-a-vendre\/#primaryimage\",\"url\":\"https:\/\/wehop-tech.com\/wp-content\/uploads\/2019\/03\/512eb97a9f6965018e2f72c79d40b98.jpg\",\"contentUrl\":\"https:\/\/wehop-tech.com\/wp-content\/uploads\/2019\/03\/512eb97a9f6965018e2f72c79d40b98.jpg\",\"width\":1080,\"height\":1279,\"caption\":\"th\u00e9\u00e2tre volant\"},{\"@type\":\"BreadcrumbList\",\"@id\":\"https:\/\/wehop-tech.com\/fr\/machines-darcade-a-vendre\/#breadcrumb\",\"itemListElement\":[{\"@type\":\"ListItem\",\"position\":1,\"name\":\"\u9996\u9875\",\"item\":\"https:\/\/wehop-tech.com\/fr\/accueil\/\"},{\"@type\":\"ListItem\",\"position\":2,\"name\":\"machines d&rsquo;arcade \u00e0 vendre\"}]},{\"@type\":\"WebSite\",\"@id\":\"https:\/\/wehop-tech.com\/fr\/#website\",\"url\":\"https:\/\/wehop-tech.com\/fr\/\",\"name\":\"Wehop Technology\",\"description\":\"China Original Flying Cinema Manufacturer\",\"publisher\":{\"@id\":\"https:\/\/wehop-tech.com\/fr\/#organization\"},\"potentialAction\":[{\"@type\":\"SearchAction\",\"target\":{\"@type\":\"EntryPoint\",\"urlTemplate\":\"https:\/\/wehop-tech.com\/fr\/?s={search_term_string}\"},\"query-input\":{\"@type\":\"PropertyValueSpecification\",\"valueRequired\":true,\"valueName\":\"search_term_string\"}}],\"inLanguage\":\"fr-FR\"},{\"@type\":\"Organization\",\"@id\":\"https:\/\/wehop-tech.com\/fr\/#organization\",\"name\":\"Wehop Technology\",\"url\":\"https:\/\/wehop-tech.com\/fr\/\",\"logo\":{\"@type\":\"ImageObject\",\"inLanguage\":\"fr-FR\",\"@id\":\"https:\/\/wehop-tech.com\/fr\/#\/schema\/logo\/image\/\",\"url\":\"https:\/\/wehop-tech.com\/wp-content\/uploads\/2023\/06\/image.png\",\"contentUrl\":\"https:\/\/wehop-tech.com\/wp-content\/uploads\/2023\/06\/image.png\",\"width\":280,\"height\":140,\"caption\":\"Wehop Technology\"},\"image\":{\"@id\":\"https:\/\/wehop-tech.com\/fr\/#\/schema\/logo\/image\/\"},\"sameAs\":[\"https:\/\/www.facebook.com\/empowervrpark\/\"]}]}<\/script>\n<!-- \/ Yoast SEO Premium plugin. -->","yoast_head_json":{"title":"Machines d'arcade \u00e0 vendre | Fournisseur de jeux d'arcade virtuels","description":"D\u00e9couvrez la collection de machines d'arcade de haute qualit\u00e9 \u00e0 vendre chez Wehop Technology \u2014 comprenant des syst\u00e8mes d'arcade virtuels, des simulateurs de course et des jeux VR dynamiques. Nous proposons des services OEM & ODM avec une livraison rapide et une exp\u00e9dition mondiale.","robots":{"index":"index","follow":"follow","max-snippet":"max-snippet:-1","max-image-preview":"max-image-preview:large","max-video-preview":"max-video-preview:-1"},"canonical":"https:\/\/wehop-tech.com\/fr\/machines-darcade-a-vendre\/","og_locale":"fr_FR","og_type":"article","og_title":"machines d'arcade \u00e0 vendre","og_description":"D\u00e9couvrez la collection de machines d'arcade de haute qualit\u00e9 \u00e0 vendre chez Wehop Technology \u2014 comprenant des syst\u00e8mes d'arcade virtuels, des simulateurs de course et des jeux VR dynamiques. Nous proposons des services OEM & ODM avec une livraison rapide et une exp\u00e9dition mondiale.","og_url":"https:\/\/wehop-tech.com\/fr\/machines-darcade-a-vendre\/","og_site_name":"Wehop Technology","article_publisher":"https:\/\/www.facebook.com\/empowervrpark\/","og_image":[{"width":1080,"height":1279,"url":"https:\/\/wehop-tech.com\/wp-content\/uploads\/2019\/03\/512eb97a9f6965018e2f72c79d40b98.jpg","type":"image\/jpeg"}],"twitter_card":"summary_large_image","schema":{"@context":"https:\/\/schema.org","@graph":[{"@type":"WebPage","@id":"https:\/\/wehop-tech.com\/fr\/machines-darcade-a-vendre\/","url":"https:\/\/wehop-tech.com\/fr\/machines-darcade-a-vendre\/","name":"Machines d'arcade \u00e0 vendre | Fournisseur de jeux d'arcade virtuels","isPartOf":{"@id":"https:\/\/wehop-tech.com\/fr\/#website"},"primaryImageOfPage":{"@id":"https:\/\/wehop-tech.com\/fr\/machines-darcade-a-vendre\/#primaryimage"},"image":{"@id":"https:\/\/wehop-tech.com\/fr\/machines-darcade-a-vendre\/#primaryimage"},"thumbnailUrl":"https:\/\/wehop-tech.com\/wp-content\/uploads\/2019\/03\/512eb97a9f6965018e2f72c79d40b98.jpg","datePublished":"2020-06-15T20:14:05+00:00","description":"D\u00e9couvrez la collection de machines d'arcade de haute qualit\u00e9 \u00e0 vendre chez Wehop Technology \u2014 comprenant des syst\u00e8mes d'arcade virtuels, des simulateurs de course et des jeux VR dynamiques. Nous proposons des services OEM & ODM avec une livraison rapide et une exp\u00e9dition mondiale.","breadcrumb":{"@id":"https:\/\/wehop-tech.com\/fr\/machines-darcade-a-vendre\/#breadcrumb"},"inLanguage":"fr-FR","potentialAction":[{"@type":"ReadAction","target":["https:\/\/wehop-tech.com\/fr\/machines-darcade-a-vendre\/"]}]},{"@type":"ImageObject","inLanguage":"fr-FR","@id":"https:\/\/wehop-tech.com\/fr\/machines-darcade-a-vendre\/#primaryimage","url":"https:\/\/wehop-tech.com\/wp-content\/uploads\/2019\/03\/512eb97a9f6965018e2f72c79d40b98.jpg","contentUrl":"https:\/\/wehop-tech.com\/wp-content\/uploads\/2019\/03\/512eb97a9f6965018e2f72c79d40b98.jpg","width":1080,"height":1279,"caption":"th\u00e9\u00e2tre volant"},{"@type":"BreadcrumbList","@id":"https:\/\/wehop-tech.com\/fr\/machines-darcade-a-vendre\/#breadcrumb","itemListElement":[{"@type":"ListItem","position":1,"name":"\u9996\u9875","item":"https:\/\/wehop-tech.com\/fr\/accueil\/"},{"@type":"ListItem","position":2,"name":"machines d&rsquo;arcade \u00e0 vendre"}]},{"@type":"WebSite","@id":"https:\/\/wehop-tech.com\/fr\/#website","url":"https:\/\/wehop-tech.com\/fr\/","name":"Wehop Technology","description":"China Original Flying Cinema Manufacturer","publisher":{"@id":"https:\/\/wehop-tech.com\/fr\/#organization"},"potentialAction":[{"@type":"SearchAction","target":{"@type":"EntryPoint","urlTemplate":"https:\/\/wehop-tech.com\/fr\/?s={search_term_string}"},"query-input":{"@type":"PropertyValueSpecification","valueRequired":true,"valueName":"search_term_string"}}],"inLanguage":"fr-FR"},{"@type":"Organization","@id":"https:\/\/wehop-tech.com\/fr\/#organization","name":"Wehop Technology","url":"https:\/\/wehop-tech.com\/fr\/","logo":{"@type":"ImageObject","inLanguage":"fr-FR","@id":"https:\/\/wehop-tech.com\/fr\/#\/schema\/logo\/image\/","url":"https:\/\/wehop-tech.com\/wp-content\/uploads\/2023\/06\/image.png","contentUrl":"https:\/\/wehop-tech.com\/wp-content\/uploads\/2023\/06\/image.png","width":280,"height":140,"caption":"Wehop Technology"},"image":{"@id":"https:\/\/wehop-tech.com\/fr\/#\/schema\/logo\/image\/"},"sameAs":["https:\/\/www.facebook.com\/empowervrpark\/"]}]}},"_links":{"self":[{"href":"https:\/\/wehop-tech.com\/fr\/wp-json\/wp\/v2\/pages\/6170","targetHints":{"allow":["GET"]}}],"collection":[{"href":"https:\/\/wehop-tech.com\/fr\/wp-json\/wp\/v2\/pages"}],"about":[{"href":"https:\/\/wehop-tech.com\/fr\/wp-json\/wp\/v2\/types\/page"}],"author":[{"embeddable":true,"href":"https:\/\/wehop-tech.com\/fr\/wp-json\/wp\/v2\/users\/5"}],"replies":[{"embeddable":true,"href":"https:\/\/wehop-tech.com\/fr\/wp-json\/wp\/v2\/comments?post=6170"}],"version-history":[{"count":0,"href":"https:\/\/wehop-tech.com\/fr\/wp-json\/wp\/v2\/pages\/6170\/revisions"}],"wp:featuredmedia":[{"embeddable":true,"href":"https:\/\/wehop-tech.com\/fr\/wp-json\/wp\/v2\/media\/6117"}],"wp:attachment":[{"href":"https:\/\/wehop-tech.com\/fr\/wp-json\/wp\/v2\/media?parent=6170"}],"curies":[{"name":"wp","href":"https:\/\/api.w.org\/{rel}","templated":true}]}}